{"id":1702,"date":"2024-07-24T12:34:25","date_gmt":"2024-07-24T12:34:25","guid":{"rendered":"https:\/\/adremparnu.ee\/puude-varjualune\/"},"modified":"2026-02-12T10:20:36","modified_gmt":"2026-02-12T10:20:36","slug":"puude-varjualune","status":"publish","type":"page","link":"https:\/\/adremparnu.ee\/en\/puude-varjualune\/","title":{"rendered":"Puude varjualune"},"content":{"rendered":"<!--themify_builder_content-->\n<div id=\"themify_builder_content-1702\" data-postid=\"1702\" class=\"themify_builder_content themify_builder_content-1702 themify_builder tf_clear\">\n                    <div  data-lazy=\"1\" class=\"module_row themify_builder_row tb_4yeb930 tb_first tf_w\">\n            <span  class=\"builder_row_cover tf_abs\" data-lazy=\"1\"><\/span>            <div class=\"row_inner col_align_top tb_col_count_1 tf_box tf_rel\">\n                        <div  data-lazy=\"1\" class=\"module_column tb-column col-full tb_a134930 first\">\n                    <!-- module text -->\n<div  class=\"module module-text tb_4vq5372   \" data-lazy=\"1\">\n        <div  class=\"tb_text_wrap\">\n        <h1>Puude varjualune<\/h1>    <\/div>\n<\/div>\n<!-- \/module text --><!-- module text -->\n<div  class=\"module module-text tb_lf4h143   \" data-lazy=\"1\">\n        <div  class=\"tb_text_wrap\">\n        <h2>Praktiline puude varjualune sobib igasse koduaeda<\/h2>\n    <\/div>\n<\/div>\n<!-- \/module text -->        <div  data-lazy=\"1\" class=\"module_subrow themify_builder_sub_row tf_w col_align_top tb_col_count_2 tb_v0wr341\">\n                <div  data-lazy=\"1\" class=\"module_column sub_column col4-2 tb_dvqd341 first\">\n                            <\/div>\n                    <div  data-lazy=\"1\" class=\"module_column sub_column col4-2 tb_bz29342 last\">\n                            <\/div>\n                    <\/div>\n                <\/div>\n                        <\/div>\n        <\/div>\n                        <div  data-lazy=\"1\" class=\"module_row themify_builder_row tb_5lhd985 tf_w\">\n                        <div class=\"row_inner col_align_middle tb_col_count_2 tf_box tf_rel\">\n                        <div  data-lazy=\"1\" class=\"module_column tb-column col4-2 tb_apkf985 first\">\n                    <!-- module text -->\n<div  class=\"module module-text tb_ehh125   \" data-lazy=\"1\">\n        <div  class=\"tb_text_wrap\">\n        <div class=\"o9v6fnle cxmmr5t8 oygrvhab hcukyx3x c1et5uql ii04i59q\">\n<div dir=\"auto\">3\u00d76 meetrine puude varjualune on praktiline 2 osaline puude hoiukoht, kus etten\u00e4gelik peremees saab mugavalt eraldi hoida v\u00e4rskeid puid ja kuivi puid.<\/div>\n<div dir=\"auto\">Metalls\u00f5restikust seinapostid toetavad puuriida k\u00fclgi ja seega puudub vajadus lisa tugipostide paigaldamiseks.<\/div>\n<div dir=\"auto\">Lihtne poltliidestega \u00fchendatav konstruktsioon ja kuumtsingitud v\u00f5i m\u00e4rgv\u00e4rvitud metallkarkass on ajas h\u00e4sti vastupidavad. Viimistletud toode on hooldevaba ja iga tellija saab valida omale sobiliku v\u00e4rvikombinatsiooni.<\/div>\n<div dir=\"auto\">\u00a0<\/div>\n<\/div>\n<div class=\"o9v6fnle cxmmr5t8 oygrvhab hcukyx3x c1et5uql ii04i59q\">\n<div dir=\"auto\">Varjualust saab teha 3, 6, 9, 12 meetrisena. Moodulid on omavahel liidetavad ja mooduli karkassile saab kinnitada ka seinad ja uksed, et teha varjualusest (osaliselt) kinnine kuur, mis kenasti ka hoojatoodete (terrassim\u00f6\u00f6bel, jalgrattad jne) hoiupaigaks sobib.<\/div>\n<div dir=\"auto\">K\u00fcsi hinnapakkumist<\/div>\n<\/div>\n<div class=\"o9v6fnle cxmmr5t8 oygrvhab hcukyx3x c1et5uql ii04i59q\">\n<div dir=\"auto\">Kuumtsingitud toote garantiiaeg on 5 aastat.<\/div>\n<\/div>    <\/div>\n<\/div>\n<!-- \/module text -->        <\/div>\n                    <div  data-lazy=\"1\" class=\"module_column tb-column col4-2 tb_52h0896 last\">\n                    <!-- module image -->\n<div  class=\"module module-image tb_c2xu69 image-top rounded  auto_fullwidth tf_mw\" data-lazy=\"1\">\n        <div class=\"image-wrap tf_rel tf_mw\">\n            <img loading=\"lazy\" decoding=\"async\" src=\"https:\/\/adremparnu.ee\/wp-content\/uploads\/2020\/03\/Varjualune_Katusealune-multikasutus-Model-1-1-724x1024-600x400.jpg\" width=\"600\" height=\"400\" class=\"wp-post-image wp-image-962\" title=\"Varjualune_Katusealune multikasutus Model (1)-1\" alt=\"puude varjualune\">    \n        <\/div>\n    <!-- \/image-wrap -->\n    \n        <\/div>\n<!-- \/module image -->        <\/div>\n                        <\/div>\n        <\/div>\n                        <div  data-anchor=\"kontakt\" data-hide-anchor=\"1\" data-lazy=\"1\" class=\"module_row themify_builder_row tb_has_section tb_section-kontakt tb_ic25359 tf_w\">\n                        <div class=\"row_inner col_align_top tb_col_count_1 tf_box tf_rel\">\n                        <div  data-lazy=\"1\" class=\"module_column tb-column col-full tb_jemh359 first\">\n                    <!-- module text -->\n<div  class=\"module module-text tb_y3qp359   \" data-lazy=\"1\">\n        <div  class=\"tb_text_wrap\">\n        <h2 style=\"text-align: center;\">P\u00e4ringuvorm<\/h2>\n<p style=\"text-align: center;\"><strong>T\u00e4ites all oleva p\u00e4ringuvormi vastame sulle esimesel v\u00f5imalusel.<\/strong><\/p>    <\/div>\n<\/div>\n<!-- \/module text --><!-- module text -->\n<div  class=\"module module-text tb_bfnx359   \" data-lazy=\"1\">\n        <div  class=\"tb_text_wrap\">\n        <p class=\"wpcf7-contact-form-not-found\"><strong>Error:<\/strong> Contact form not found.<\/p>    <\/div>\n<\/div>\n<!-- \/module text --><!-- module text -->\n<div  class=\"module module-text tb_tjba359   \" data-lazy=\"1\">\n        <div  class=\"tb_text_wrap\">\n        <p><span class=\"pageinfo\" style=\"display: none;\">Puude varjualune<\/span><\/p>\n    <\/div>\n<\/div>\n<!-- \/module text -->        <\/div>\n                        <\/div>\n        <\/div>\n        <\/div>\n<!--\/themify_builder_content-->","protected":false},"excerpt":{"rendered":"<p>Puude varjualune<\/p>\n","protected":false},"author":2,"featured_media":0,"parent":0,"menu_order":0,"comment_status":"closed","ping_status":"closed","template":"","meta":{"footnotes":""},"class_list":["post-1702","page","type-page","status-publish","hentry","has-post-title","has-post-date","has-post-category","has-post-tag","has-post-comment","has-post-author",""],"yoast_head":"<!-- This site is optimized with the Yoast SEO plugin v26.9 - https:\/\/yoast.com\/product\/yoast-seo-wordpress\/ -->\n<title>Puude varjualune - Adrem P\u00e4rnu<\/title>\n<meta name=\"robots\" content=\"index, follow, max-snippet:-1, max-image-preview:large, max-video-preview:-1\" \/>\n<link rel=\"canonical\" href=\"https:\/\/adremparnu.ee\/en\/puude-varjualune\/\" \/>\n<meta property=\"og:locale\" content=\"en_US\" \/>\n<meta property=\"og:type\" content=\"article\" \/>\n<meta property=\"og:title\" content=\"Puude varjualune - Adrem P\u00e4rnu\" \/>\n<meta property=\"og:description\" content=\"Puude varjualune\" \/>\n<meta property=\"og:url\" content=\"https:\/\/adremparnu.ee\/en\/puude-varjualune\/\" \/>\n<meta property=\"og:site_name\" content=\"Adrem P\u00e4rnu\" \/>\n<meta property=\"article:modified_time\" content=\"2026-02-12T10:20:36+00:00\" \/>\n<meta property=\"og:image\" content=\"https:\/\/adremparnu.ee\/wp-content\/uploads\/2020\/03\/Varjualune_Katusealune-multikasutus-Model-1-1-724x1024-600x400.jpg\" \/>\n<meta name=\"twitter:card\" content=\"summary_large_image\" \/>\n<meta name=\"twitter:label1\" content=\"Est. reading time\" \/>\n\t<meta name=\"twitter:data1\" content=\"1 minute\" \/>\n<script type=\"application\/ld+json\" class=\"yoast-schema-graph\">{\"@context\":\"https:\/\/schema.org\",\"@graph\":[{\"@type\":\"WebPage\",\"@id\":\"https:\/\/adremparnu.ee\/en\/puude-varjualune\/\",\"url\":\"https:\/\/adremparnu.ee\/en\/puude-varjualune\/\",\"name\":\"Puude varjualune - Adrem P\u00e4rnu\",\"isPartOf\":{\"@id\":\"https:\/\/adremparnu.ee\/en\/#website\"},\"primaryImageOfPage\":{\"@id\":\"https:\/\/adremparnu.ee\/en\/puude-varjualune\/#primaryimage\"},\"image\":{\"@id\":\"https:\/\/adremparnu.ee\/en\/puude-varjualune\/#primaryimage\"},\"thumbnailUrl\":\"https:\/\/adremparnu.ee\/wp-content\/uploads\/2020\/03\/Varjualune_Katusealune-multikasutus-Model-1-1-724x1024-600x400.jpg\",\"datePublished\":\"2024-07-24T12:34:25+00:00\",\"dateModified\":\"2026-02-12T10:20:36+00:00\",\"breadcrumb\":{\"@id\":\"https:\/\/adremparnu.ee\/en\/puude-varjualune\/#breadcrumb\"},\"inLanguage\":\"en-US\",\"potentialAction\":[{\"@type\":\"ReadAction\",\"target\":[\"https:\/\/adremparnu.ee\/en\/puude-varjualune\/\"]}]},{\"@type\":\"ImageObject\",\"inLanguage\":\"en-US\",\"@id\":\"https:\/\/adremparnu.ee\/en\/puude-varjualune\/#primaryimage\",\"url\":\"https:\/\/adremparnu.ee\/wp-content\/uploads\/2020\/03\/Varjualune_Katusealune-multikasutus-Model-1-1-724x1024-600x400.jpg\",\"contentUrl\":\"https:\/\/adremparnu.ee\/wp-content\/uploads\/2020\/03\/Varjualune_Katusealune-multikasutus-Model-1-1-724x1024-600x400.jpg\"},{\"@type\":\"BreadcrumbList\",\"@id\":\"https:\/\/adremparnu.ee\/en\/puude-varjualune\/#breadcrumb\",\"itemListElement\":[{\"@type\":\"ListItem\",\"position\":1,\"name\":\"Home\",\"item\":\"https:\/\/adremparnu.ee\/en\/\"},{\"@type\":\"ListItem\",\"position\":2,\"name\":\"Puude varjualune\"}]},{\"@type\":\"WebSite\",\"@id\":\"https:\/\/adremparnu.ee\/en\/#website\",\"url\":\"https:\/\/adremparnu.ee\/en\/\",\"name\":\"Adrem P\u00e4rnu\",\"description\":\"\",\"publisher\":{\"@id\":\"https:\/\/adremparnu.ee\/en\/#organization\"},\"potentialAction\":[{\"@type\":\"SearchAction\",\"target\":{\"@type\":\"EntryPoint\",\"urlTemplate\":\"https:\/\/adremparnu.ee\/en\/?s={search_term_string}\"},\"query-input\":{\"@type\":\"PropertyValueSpecification\",\"valueRequired\":true,\"valueName\":\"search_term_string\"}}],\"inLanguage\":\"en-US\"},{\"@type\":\"Organization\",\"@id\":\"https:\/\/adremparnu.ee\/en\/#organization\",\"name\":\"Adrem P\u00e4rnu\",\"url\":\"https:\/\/adremparnu.ee\/en\/\",\"logo\":{\"@type\":\"ImageObject\",\"inLanguage\":\"en-US\",\"@id\":\"https:\/\/adremparnu.ee\/en\/#\/schema\/logo\/image\/\",\"url\":\"https:\/\/adremparnu.ee\/wp-content\/uploads\/2020\/02\/adrem_logo.png\",\"contentUrl\":\"https:\/\/adremparnu.ee\/wp-content\/uploads\/2020\/02\/adrem_logo.png\",\"width\":247,\"height\":66,\"caption\":\"Adrem P\u00e4rnu\"},\"image\":{\"@id\":\"https:\/\/adremparnu.ee\/en\/#\/schema\/logo\/image\/\"}}]}<\/script>\n<!-- \/ Yoast SEO plugin. -->","yoast_head_json":{"title":"Puude varjualune - Adrem P\u00e4rnu","robots":{"index":"index","follow":"follow","max-snippet":"max-snippet:-1","max-image-preview":"max-image-preview:large","max-video-preview":"max-video-preview:-1"},"canonical":"https:\/\/adremparnu.ee\/en\/puude-varjualune\/","og_locale":"en_US","og_type":"article","og_title":"Puude varjualune - Adrem P\u00e4rnu","og_description":"Puude varjualune","og_url":"https:\/\/adremparnu.ee\/en\/puude-varjualune\/","og_site_name":"Adrem P\u00e4rnu","article_modified_time":"2026-02-12T10:20:36+00:00","og_image":[{"url":"https:\/\/adremparnu.ee\/wp-content\/uploads\/2020\/03\/Varjualune_Katusealune-multikasutus-Model-1-1-724x1024-600x400.jpg","type":"","width":"","height":""}],"twitter_card":"summary_large_image","twitter_misc":{"Est. reading time":"1 minute"},"schema":{"@context":"https:\/\/schema.org","@graph":[{"@type":"WebPage","@id":"https:\/\/adremparnu.ee\/en\/puude-varjualune\/","url":"https:\/\/adremparnu.ee\/en\/puude-varjualune\/","name":"Puude varjualune - Adrem P\u00e4rnu","isPartOf":{"@id":"https:\/\/adremparnu.ee\/en\/#website"},"primaryImageOfPage":{"@id":"https:\/\/adremparnu.ee\/en\/puude-varjualune\/#primaryimage"},"image":{"@id":"https:\/\/adremparnu.ee\/en\/puude-varjualune\/#primaryimage"},"thumbnailUrl":"https:\/\/adremparnu.ee\/wp-content\/uploads\/2020\/03\/Varjualune_Katusealune-multikasutus-Model-1-1-724x1024-600x400.jpg","datePublished":"2024-07-24T12:34:25+00:00","dateModified":"2026-02-12T10:20:36+00:00","breadcrumb":{"@id":"https:\/\/adremparnu.ee\/en\/puude-varjualune\/#breadcrumb"},"inLanguage":"en-US","potentialAction":[{"@type":"ReadAction","target":["https:\/\/adremparnu.ee\/en\/puude-varjualune\/"]}]},{"@type":"ImageObject","inLanguage":"en-US","@id":"https:\/\/adremparnu.ee\/en\/puude-varjualune\/#primaryimage","url":"https:\/\/adremparnu.ee\/wp-content\/uploads\/2020\/03\/Varjualune_Katusealune-multikasutus-Model-1-1-724x1024-600x400.jpg","contentUrl":"https:\/\/adremparnu.ee\/wp-content\/uploads\/2020\/03\/Varjualune_Katusealune-multikasutus-Model-1-1-724x1024-600x400.jpg"},{"@type":"BreadcrumbList","@id":"https:\/\/adremparnu.ee\/en\/puude-varjualune\/#breadcrumb","itemListElement":[{"@type":"ListItem","position":1,"name":"Home","item":"https:\/\/adremparnu.ee\/en\/"},{"@type":"ListItem","position":2,"name":"Puude varjualune"}]},{"@type":"WebSite","@id":"https:\/\/adremparnu.ee\/en\/#website","url":"https:\/\/adremparnu.ee\/en\/","name":"Adrem P\u00e4rnu","description":"","publisher":{"@id":"https:\/\/adremparnu.ee\/en\/#organization"},"potentialAction":[{"@type":"SearchAction","target":{"@type":"EntryPoint","urlTemplate":"https:\/\/adremparnu.ee\/en\/?s={search_term_string}"},"query-input":{"@type":"PropertyValueSpecification","valueRequired":true,"valueName":"search_term_string"}}],"inLanguage":"en-US"},{"@type":"Organization","@id":"https:\/\/adremparnu.ee\/en\/#organization","name":"Adrem P\u00e4rnu","url":"https:\/\/adremparnu.ee\/en\/","logo":{"@type":"ImageObject","inLanguage":"en-US","@id":"https:\/\/adremparnu.ee\/en\/#\/schema\/logo\/image\/","url":"https:\/\/adremparnu.ee\/wp-content\/uploads\/2020\/02\/adrem_logo.png","contentUrl":"https:\/\/adremparnu.ee\/wp-content\/uploads\/2020\/02\/adrem_logo.png","width":247,"height":66,"caption":"Adrem P\u00e4rnu"},"image":{"@id":"https:\/\/adremparnu.ee\/en\/#\/schema\/logo\/image\/"}}]}},"builder_content":"<h1>Puude varjualune<\/h1>\n<h2>Praktiline puude varjualune sobib igasse koduaeda<\/h2>\n3\u00d76 meetrine puude varjualune on praktiline 2 osaline puude hoiukoht, kus etten\u00e4gelik peremees saab mugavalt eraldi hoida v\u00e4rskeid puid ja kuivi puid. Metalls\u00f5restikust seinapostid toetavad puuriida k\u00fclgi ja seega puudub vajadus lisa tugipostide paigaldamiseks. Lihtne poltliidestega \u00fchendatav konstruktsioon ja kuumtsingitud v\u00f5i m\u00e4rgv\u00e4rvitud metallkarkass on ajas h\u00e4sti vastupidavad. Viimistletud toode on hooldevaba ja iga tellija saab valida omale sobiliku v\u00e4rvikombinatsiooni. \u00a0\nVarjualust saab teha 3, 6, 9, 12 meetrisena. Moodulid on omavahel liidetavad ja mooduli karkassile saab kinnitada ka seinad ja uksed, et teha varjualusest (osaliselt) kinnine kuur, mis kenasti ka hoojatoodete (terrassim\u00f6\u00f6bel, jalgrattad jne) hoiupaigaks sobib. K\u00fcsi hinnapakkumist\nKuumtsingitud toote garantiiaeg on 5 aastat.\n<img src=\"https:\/\/adremparnu.ee\/wp-content\/uploads\/2020\/03\/Varjualune_Katusealune-multikasutus-Model-1-1-724x1024-600x400.jpg\" width=\"600\" height=\"400\" title=\"Varjualune_Katusealune multikasutus Model (1)-1\" alt=\"puude varjualune\">\n<h2 style=\"text-align: center;\">P\u00e4ringuvorm<\/h2> <p style=\"text-align: center;\"><strong>T\u00e4ites all oleva p\u00e4ringuvormi vastame sulle esimesel v\u00f5imalusel.<\/strong><\/p>\n<p>[contact-form-7 id=\"2de6760\" title=\"Kontaktivorm\"]<\/p>\n<p>Puude varjualune<\/p>","_links":{"self":[{"href":"https:\/\/adremparnu.ee\/en\/wp-json\/wp\/v2\/pages\/1702","targetHints":{"allow":["GET"]}}],"collection":[{"href":"https:\/\/adremparnu.ee\/en\/wp-json\/wp\/v2\/pages"}],"about":[{"href":"https:\/\/adremparnu.ee\/en\/wp-json\/wp\/v2\/types\/page"}],"author":[{"embeddable":true,"href":"https:\/\/adremparnu.ee\/en\/wp-json\/wp\/v2\/users\/2"}],"replies":[{"embeddable":true,"href":"https:\/\/adremparnu.ee\/en\/wp-json\/wp\/v2\/comments?post=1702"}],"version-history":[{"count":5,"href":"https:\/\/adremparnu.ee\/en\/wp-json\/wp\/v2\/pages\/1702\/revisions"}],"predecessor-version":[{"id":2301,"href":"https:\/\/adremparnu.ee\/en\/wp-json\/wp\/v2\/pages\/1702\/revisions\/2301"}],"wp:attachment":[{"href":"https:\/\/adremparnu.ee\/en\/wp-json\/wp\/v2\/media?parent=1702"}],"curies":[{"name":"wp","href":"https:\/\/api.w.org\/{rel}","templated":true}]}}