{"id":575,"date":"2020-02-28T13:43:12","date_gmt":"2020-02-28T13:43:12","guid":{"rendered":"https:\/\/adremparnu.ee\/andmekaitse\/"},"modified":"2020-02-28T13:51:32","modified_gmt":"2020-02-28T13:51:32","slug":"andmekaitse","status":"publish","type":"page","link":"https:\/\/adremparnu.ee\/en\/andmekaitse\/","title":{"rendered":"Andmekaitse"},"content":{"rendered":"<!--themify_builder_content-->\n<div id=\"themify_builder_content-575\" data-postid=\"575\" class=\"themify_builder_content themify_builder_content-575 themify_builder tf_clear\">\n                    <div  data-lazy=\"1\" class=\"module_row themify_builder_row tb_u2ip218 tb_first tf_w\">\n                        <div class=\"row_inner col_align_top tb_col_count_1 tf_box tf_rel\">\n                        <div  data-lazy=\"1\" class=\"module_column tb-column col-full tb_zz1d220 first\">\n                    <!-- module text -->\n<div  class=\"module module-text tb_yw5s702   \" data-lazy=\"1\">\n        <div  class=\"tb_text_wrap\">\n        <h1>Processing of personal data<\/h1>\n<p>\u00a0<\/p>\n<p>The controller of the personal data of the https:\/\/adremparnu.ee website is Adrem P\u00e4rnu (registry code 10130136) located at Suur-J\u00f5e tn 46a P\u00e4rnu, P\u00e4rnu P\u00e4rnumaa 80020.<\/p>\n<p>Phone: +372 444 8460<br \/>E-mail: info@adremparnu.ee<\/p>\n<p><strong>What are cookies and how do they benefit you?<\/strong><\/p>\n<p>Cookies are small text files that are placed on your device\u2019s (e.g., computer, mobile, tablet) browser when visiting websites. They are widely used to make websites work better and more efficiently.<\/p>\n<p>Cookies help us:<\/p>\n<ul>\n<li>make our website work according to your expectations<\/li>\n<li>keep you logged on every time you visit our page<\/li>\n<li>remember your settings during and between visits<\/li>\n<li>improve page speed \/ security<\/li>\n<li>enable you to share content on social networks such as Facebook, Twitter, LinkedIn<\/li>\n<li>when logged on, help you to find what you are looking for faster<\/li>\n<li>continuously improve our website experience for you<\/li>\n<li>make marketing more effective<\/li>\n<\/ul>\n<p>adremparnu.ee web page is using Google Analytics to collect statistics. Google Analytics service is provided by Google, Inc. (1600 Amphitheatre Parkway, Mountain View, CA 94043, USA; \u201eGoogle\u201d).\u00a0 More information about Google privacy policy: <a href=\"https:\/\/policies.google.com\/privacy\">https:\/\/policies.google.com\/privacy<\/a><\/p>    <\/div>\n<\/div>\n<!-- \/module text -->        <\/div>\n                        <\/div>\n        <\/div>\n        <\/div>\n<!--\/themify_builder_content-->","protected":false},"excerpt":{"rendered":"<p>Processing of personal data \u00a0 The controller of the personal data of the https:\/\/adremparnu.ee website is Adrem P\u00e4rnu (registry code 10130136) located at Suur-J\u00f5e tn 46a P\u00e4rnu, P\u00e4rnu P\u00e4rnumaa 80020. Phone: +372 444 8460E-mail: info@adremparnu.ee What are cookies and how do they benefit you? Cookies are small text files that are placed on your device\u2019s [&hellip;]<\/p>\n","protected":false},"author":1,"featured_media":0,"parent":0,"menu_order":0,"comment_status":"closed","ping_status":"closed","template":"","meta":{"footnotes":""},"class_list":["post-575","page","type-page","status-publish","hentry","has-post-title","has-post-date","has-post-category","has-post-tag","has-post-comment","has-post-author",""],"yoast_head":"<!-- This site is optimized with the Yoast SEO plugin v26.9 - https:\/\/yoast.com\/product\/yoast-seo-wordpress\/ -->\n<title>Andmekaitse - Adrem P\u00e4rnu<\/title>\n<meta name=\"robots\" content=\"index, follow, max-snippet:-1, max-image-preview:large, max-video-preview:-1\" \/>\n<link rel=\"canonical\" href=\"https:\/\/adremparnu.ee\/en\/andmekaitse\/\" \/>\n<meta property=\"og:locale\" content=\"en_US\" \/>\n<meta property=\"og:type\" content=\"article\" \/>\n<meta property=\"og:title\" content=\"Andmekaitse - Adrem P\u00e4rnu\" \/>\n<meta property=\"og:description\" content=\"Processing of personal data \u00a0 The controller of the personal data of the https:\/\/adremparnu.ee website is Adrem P\u00e4rnu (registry code 10130136) located at Suur-J\u00f5e tn 46a P\u00e4rnu, P\u00e4rnu P\u00e4rnumaa 80020. Phone: +372 444 8460E-mail: info@adremparnu.ee What are cookies and how do they benefit you? Cookies are small text files that are placed on your device\u2019s [&hellip;]\" \/>\n<meta property=\"og:url\" content=\"https:\/\/adremparnu.ee\/en\/andmekaitse\/\" \/>\n<meta property=\"og:site_name\" content=\"Adrem P\u00e4rnu\" \/>\n<meta property=\"article:modified_time\" content=\"2020-02-28T13:51:32+00:00\" \/>\n<meta name=\"twitter:card\" content=\"summary_large_image\" \/>\n<meta name=\"twitter:label1\" content=\"Est. reading time\" \/>\n\t<meta name=\"twitter:data1\" content=\"1 minute\" \/>\n<script type=\"application\/ld+json\" class=\"yoast-schema-graph\">{\"@context\":\"https:\/\/schema.org\",\"@graph\":[{\"@type\":\"WebPage\",\"@id\":\"https:\/\/adremparnu.ee\/en\/andmekaitse\/\",\"url\":\"https:\/\/adremparnu.ee\/en\/andmekaitse\/\",\"name\":\"Andmekaitse - Adrem P\u00e4rnu\",\"isPartOf\":{\"@id\":\"https:\/\/adremparnu.ee\/en\/#website\"},\"datePublished\":\"2020-02-28T13:43:12+00:00\",\"dateModified\":\"2020-02-28T13:51:32+00:00\",\"breadcrumb\":{\"@id\":\"https:\/\/adremparnu.ee\/en\/andmekaitse\/#breadcrumb\"},\"inLanguage\":\"en-US\",\"potentialAction\":[{\"@type\":\"ReadAction\",\"target\":[\"https:\/\/adremparnu.ee\/en\/andmekaitse\/\"]}]},{\"@type\":\"BreadcrumbList\",\"@id\":\"https:\/\/adremparnu.ee\/en\/andmekaitse\/#breadcrumb\",\"itemListElement\":[{\"@type\":\"ListItem\",\"position\":1,\"name\":\"Home\",\"item\":\"https:\/\/adremparnu.ee\/en\/\"},{\"@type\":\"ListItem\",\"position\":2,\"name\":\"Andmekaitse\"}]},{\"@type\":\"WebSite\",\"@id\":\"https:\/\/adremparnu.ee\/en\/#website\",\"url\":\"https:\/\/adremparnu.ee\/en\/\",\"name\":\"Adrem P\u00e4rnu\",\"description\":\"\",\"publisher\":{\"@id\":\"https:\/\/adremparnu.ee\/en\/#organization\"},\"potentialAction\":[{\"@type\":\"SearchAction\",\"target\":{\"@type\":\"EntryPoint\",\"urlTemplate\":\"https:\/\/adremparnu.ee\/en\/?s={search_term_string}\"},\"query-input\":{\"@type\":\"PropertyValueSpecification\",\"valueRequired\":true,\"valueName\":\"search_term_string\"}}],\"inLanguage\":\"en-US\"},{\"@type\":\"Organization\",\"@id\":\"https:\/\/adremparnu.ee\/en\/#organization\",\"name\":\"Adrem P\u00e4rnu\",\"url\":\"https:\/\/adremparnu.ee\/en\/\",\"logo\":{\"@type\":\"ImageObject\",\"inLanguage\":\"en-US\",\"@id\":\"https:\/\/adremparnu.ee\/en\/#\/schema\/logo\/image\/\",\"url\":\"https:\/\/adremparnu.ee\/wp-content\/uploads\/2020\/02\/adrem_logo.png\",\"contentUrl\":\"https:\/\/adremparnu.ee\/wp-content\/uploads\/2020\/02\/adrem_logo.png\",\"width\":247,\"height\":66,\"caption\":\"Adrem P\u00e4rnu\"},\"image\":{\"@id\":\"https:\/\/adremparnu.ee\/en\/#\/schema\/logo\/image\/\"}}]}<\/script>\n<!-- \/ Yoast SEO plugin. -->","yoast_head_json":{"title":"Andmekaitse - Adrem P\u00e4rnu","robots":{"index":"index","follow":"follow","max-snippet":"max-snippet:-1","max-image-preview":"max-image-preview:large","max-video-preview":"max-video-preview:-1"},"canonical":"https:\/\/adremparnu.ee\/en\/andmekaitse\/","og_locale":"en_US","og_type":"article","og_title":"Andmekaitse - Adrem P\u00e4rnu","og_description":"Processing of personal data \u00a0 The controller of the personal data of the https:\/\/adremparnu.ee website is Adrem P\u00e4rnu (registry code 10130136) located at Suur-J\u00f5e tn 46a P\u00e4rnu, P\u00e4rnu P\u00e4rnumaa 80020. Phone: +372 444 8460E-mail: info@adremparnu.ee What are cookies and how do they benefit you? Cookies are small text files that are placed on your device\u2019s [&hellip;]","og_url":"https:\/\/adremparnu.ee\/en\/andmekaitse\/","og_site_name":"Adrem P\u00e4rnu","article_modified_time":"2020-02-28T13:51:32+00:00","twitter_card":"summary_large_image","twitter_misc":{"Est. reading time":"1 minute"},"schema":{"@context":"https:\/\/schema.org","@graph":[{"@type":"WebPage","@id":"https:\/\/adremparnu.ee\/en\/andmekaitse\/","url":"https:\/\/adremparnu.ee\/en\/andmekaitse\/","name":"Andmekaitse - Adrem P\u00e4rnu","isPartOf":{"@id":"https:\/\/adremparnu.ee\/en\/#website"},"datePublished":"2020-02-28T13:43:12+00:00","dateModified":"2020-02-28T13:51:32+00:00","breadcrumb":{"@id":"https:\/\/adremparnu.ee\/en\/andmekaitse\/#breadcrumb"},"inLanguage":"en-US","potentialAction":[{"@type":"ReadAction","target":["https:\/\/adremparnu.ee\/en\/andmekaitse\/"]}]},{"@type":"BreadcrumbList","@id":"https:\/\/adremparnu.ee\/en\/andmekaitse\/#breadcrumb","itemListElement":[{"@type":"ListItem","position":1,"name":"Home","item":"https:\/\/adremparnu.ee\/en\/"},{"@type":"ListItem","position":2,"name":"Andmekaitse"}]},{"@type":"WebSite","@id":"https:\/\/adremparnu.ee\/en\/#website","url":"https:\/\/adremparnu.ee\/en\/","name":"Adrem P\u00e4rnu","description":"","publisher":{"@id":"https:\/\/adremparnu.ee\/en\/#organization"},"potentialAction":[{"@type":"SearchAction","target":{"@type":"EntryPoint","urlTemplate":"https:\/\/adremparnu.ee\/en\/?s={search_term_string}"},"query-input":{"@type":"PropertyValueSpecification","valueRequired":true,"valueName":"search_term_string"}}],"inLanguage":"en-US"},{"@type":"Organization","@id":"https:\/\/adremparnu.ee\/en\/#organization","name":"Adrem P\u00e4rnu","url":"https:\/\/adremparnu.ee\/en\/","logo":{"@type":"ImageObject","inLanguage":"en-US","@id":"https:\/\/adremparnu.ee\/en\/#\/schema\/logo\/image\/","url":"https:\/\/adremparnu.ee\/wp-content\/uploads\/2020\/02\/adrem_logo.png","contentUrl":"https:\/\/adremparnu.ee\/wp-content\/uploads\/2020\/02\/adrem_logo.png","width":247,"height":66,"caption":"Adrem P\u00e4rnu"},"image":{"@id":"https:\/\/adremparnu.ee\/en\/#\/schema\/logo\/image\/"}}]}},"builder_content":"<h1>Processing of personal data<\/h1> <p>\u00a0<\/p> <p>The controller of the personal data of the https:\/\/adremparnu.ee website is Adrem P\u00e4rnu (registry code 10130136) located at Suur-J\u00f5e tn 46a P\u00e4rnu, P\u00e4rnu P\u00e4rnumaa 80020.<\/p> <p>Phone: +372 444 8460<br \/>E-mail: info@adremparnu.ee<\/p> <p><strong>What are cookies and how do they benefit you?<\/strong><\/p> <p>Cookies are small text files that are placed on your device\u2019s (e.g., computer, mobile, tablet) browser when visiting websites. They are widely used to make websites work better and more efficiently.<\/p> <p>Cookies help us:<\/p> <ul> <li>make our website work according to your expectations<\/li> <li>keep you logged on every time you visit our page<\/li> <li>remember your settings during and between visits<\/li> <li>improve page speed \/ security<\/li> <li>enable you to share content on social networks such as Facebook, Twitter, LinkedIn<\/li> <li>when logged on, help you to find what you are looking for faster<\/li> <li>continuously improve our website experience for you<\/li> <li>make marketing more effective<\/li> <\/ul> <p>adremparnu.ee web page is using Google Analytics to collect statistics. Google Analytics service is provided by Google, Inc. (1600 Amphitheatre Parkway, Mountain View, CA 94043, USA; \u201eGoogle\u201d).\u00a0 More information about Google privacy policy: <a href=\"https:\/\/policies.google.com\/privacy\">https:\/\/policies.google.com\/privacy<\/a><\/p>","_links":{"self":[{"href":"https:\/\/adremparnu.ee\/en\/wp-json\/wp\/v2\/pages\/575","targetHints":{"allow":["GET"]}}],"collection":[{"href":"https:\/\/adremparnu.ee\/en\/wp-json\/wp\/v2\/pages"}],"about":[{"href":"https:\/\/adremparnu.ee\/en\/wp-json\/wp\/v2\/types\/page"}],"author":[{"embeddable":true,"href":"https:\/\/adremparnu.ee\/en\/wp-json\/wp\/v2\/users\/1"}],"replies":[{"embeddable":true,"href":"https:\/\/adremparnu.ee\/en\/wp-json\/wp\/v2\/comments?post=575"}],"version-history":[{"count":1,"href":"https:\/\/adremparnu.ee\/en\/wp-json\/wp\/v2\/pages\/575\/revisions"}],"predecessor-version":[{"id":576,"href":"https:\/\/adremparnu.ee\/en\/wp-json\/wp\/v2\/pages\/575\/revisions\/576"}],"wp:attachment":[{"href":"https:\/\/adremparnu.ee\/en\/wp-json\/wp\/v2\/media?parent=575"}],"curies":[{"name":"wp","href":"https:\/\/api.w.org\/{rel}","templated":true}]}}